{"id":2973,"date":"2024-11-26T11:51:32","date_gmt":"2024-11-26T10:51:32","guid":{"rendered":"https:\/\/proactyv.com\/who-we-are\/"},"modified":"2025-01-23T08:22:27","modified_gmt":"2025-01-23T08:22:27","slug":"qui-sommes-nous","status":"publish","type":"page","link":"https:\/\/proactyv.com\/fr\/qui-sommes-nous\/","title":{"rendered":"\u00c0 propos"},"content":{"rendered":"<div class=\"wpb-content-wrapper\"><p>[vc_row el_class=\u00a0\u00bbtop-who-weare\u00a0\u00bb][vc_column width=\u00a0\u00bb2\/3&Prime;]\n\t\t\t\t<p class=\"rs-p-wp-fix\"><\/p>\n\t\t\t\t<sr7-module data-alias=\"about-1\" data-id=\"9\" id=\"SR7_9_1\" data-version=\"6.7.20\">\n\t\t\t\t\t<sr7-adjuster><\/sr7-adjuster>\n\t\t\t\t\t<sr7-content>\n\t\t\t\t\t\t<sr7-slide id=\"SR7_9_1-31\" data-key=\"31\">\n\t\t\t\t\t\t\t<sr7-bg id=\"SR7_9_1-31-slidebg\" class=\"sr7-layer\"><noscript><img decoding=\"async\" src=\"https:\/\/proactyv.com\/wp-content\/uploads\/2024\/11\/about-us-banner.jpg\" alt=\"\" title=\"about-us-banner\"><\/noscript><\/sr7-bg>\n\t\t\t\t\t\t\t<sr7-txt id=\"SR7_9_1-31-1\" class=\"sr7-layer\"><div class=\"slider-caption-1\">\n<div class=\"slider-title no-margin-bottom\">Laissez nos experts<br \/>\nvous aider \u00e0<br \/>\nsatisfaire les besoins<br \/>\nde votre entreprise<\/div>\n<\/div><\/sr7-txt>\n\t\t\t\t\t\t<\/sr7-slide>\n\t\t\t\t\t\t<sr7-slide id=\"SR7_9_1-32\" data-key=\"32\">\n\t\t\t\t\t\t<\/sr7-slide>\n\t\t\t\t\t<\/sr7-content>\n\t\t\t\t<\/sr7-module>\n\t\t\t\t<script>\n\t\t\t\t\tSR7.PMH ??={}; SR7.PMH[\"SR7_9_1\"] = {cn:0,state:false,fn: function() { if (_tpt!==undefined && _tpt.prepareModuleHeight !== undefined) {  _tpt.prepareModuleHeight({id:\"SR7_9_1\",el:[558],type:'standard',shdw:'0',gh:[558],gw:[1170],vpt:['-200px'],size:{fullWidth:false, fullHeight:false},mh:'0',onh:0,onw:0,bg:{color:'transparent'},plType:'0',plColor:'#FFFFFF'});   SR7.PMH[\"SR7_9_1\"].state=true;} else if((SR7.PMH[\"SR7_9_1\"].cn++)<100)\tsetTimeout( SR7.PMH[\"SR7_9_1\"].fn,19);}};SR7.PMH[\"SR7_9_1\" ].fn();\n\t\t\t\t<\/script>\n[vc_empty_space height=\u00a0\u00bb30px\u00a0\u00bb][\/vc_column][vc_column width=\u00a0\u00bb1\/3&Prime;]\n<!-- BEGIN .imagebox -->\n<div class=\"imagebox style2 \">\n\t\n\t\t<div class=\"box-header\">\n\t\t\t<h3 class=\"box-title\">\n\t\t\t\tFiabilit\u00e9\n\n\t\t\t<\/h3>\n\n\t\t\t\t\t\t\t<span class=\"box-subtitle\">\n\t\t\t\t\tNous offrons une expertise de premier ordre et une fiabilit\u00e9 \u00e0 chaque \u00e9tape.\t\t\t\t<\/span>\n\t\t\t\t\t<\/div>\n\n\t\t<div class=\"box-content\"><\/div>\n\n\t\t<div class=\"box-image\">\n\t\t\t\t\t\t\t\n\t\t\t\t<img decoding=\"async\" class=\"\" src=\"https:\/\/proactyv.com\/wp-content\/uploads\/2024\/11\/business-reliability.jpg\" width=\"350\" height=\"500\" alt=\"business-reliability\" title=\"business-reliability\" loading=\"lazy\" \/>\t\t\t\t\t\t<\/div>\n\t<\/div>\n<!-- End .imagebox -->\n[vc_empty_space height=\u00a0\u00bb30px\u00a0\u00bb]\n<!-- BEGIN .imagebox -->\n<div class=\"imagebox style2 \">\n\t\n\t\t<div class=\"box-header\">\n\t\t\t<h3 class=\"box-title\">\n\t\t\t\t110% Satisfaction\n\n\t\t\t<\/h3>\n\n\t\t\t\t\t\t\t<span class=\"box-subtitle\">\n\t\t\t\t\tVotre satisfaction est notre priorit\u00e9. Si cela compte pour vous, cela compte pour nous.\t\t\t\t<\/span>\n\t\t\t\t\t<\/div>\n\n\t\t<div class=\"box-content\"><\/div>\n\n\t\t<div class=\"box-image\">\n\t\t\t\t\t\t\t\n\t\t\t\t<img decoding=\"async\" class=\"\" src=\"https:\/\/proactyv.com\/wp-content\/uploads\/2024\/11\/satisfaction.jpg\" width=\"350\" height=\"500\" alt=\"satisfaction\" title=\"satisfaction\" loading=\"lazy\" \/>\t\t\t\t\t\t<\/div>\n\t<\/div>\n<!-- End .imagebox -->\n[vc_empty_space height=\u00a0\u00bb30px\u00a0\u00bb][\/vc_column][\/vc_row][vc_row][vc_column][vc_empty_space height=\u00a0\u00bb40px\u00a0\u00bb][vc_custom_heading text=\u00a0\u00bbVOTRE SOLUTION TOUT-EN-UN POUR LES SERVICES EXTERNALIS\u00c9S DE GESTION DE BUREAU\u00a0\u00bb font_container=\u00a0\u00bbtag:h3|text_align:center|color:%23267D7D\u00a0\u00bb use_theme_fonts=\u00a0\u00bbyes\u00a0\u00bb css=\u00a0\u00bb\u00a0\u00bb][vc_empty_space height=\u00a0\u00bb20px\u00a0\u00bb][vc_row_inner gap=\u00a0\u00bb35&Prime;][vc_column_inner width=\u00a0\u00bb1\/2&Prime;][vc_column_text css=\u00a0\u00bb\u00a0\u00bb]<\/p>\n<p style=\"text-align: justify;\">Proactyv, dont le si\u00e8ge est en France, est une solution tout-en-un pour les services externalis\u00e9s de gestion de bureau. Nous nous sp\u00e9cialisons dans le soutien aux entreprises, startups, syndicats, associations, r\u00e9seaux, membres de conseil et dirigeants, en lib\u00e9rant leur emploi du temps pour se concentrer sur leurs activit\u00e9s principales.<\/p>\n<p style=\"text-align: justify;\">Nous nous occupons des t\u00e2ches essentielles du quotidien, en offrant un soutien organisationnel et de gestion exceptionnel pour vos op\u00e9rations commerciales.<\/p>\n<p>[\/vc_column_text][vc_empty_space height=\u00a0\u00bb40px\u00a0\u00bb el_class=\u00a0\u00bbspace-hidden-mobile\u00a0\u00bb][\/vc_column_inner][vc_column_inner width=\u00a0\u00bb1\/2&Prime;][vc_column_text css=\u00a0\u00bb\u00a0\u00bb]<\/p>\n<p style=\"text-align: justify;\">Proactyv offre un m\u00e9lange unique d&rsquo;expertise et de service personnalis\u00e9. B\u00e9n\u00e9ficiez d&rsquo;un acc\u00e8s facile et flexible \u00e0 un personnel et \u00e0 des comp\u00e9tences de haute qualit\u00e9, tout en promouvant votre organisation et ses produits. Nous avons une vaste exp\u00e9rience dans la gestion des complexit\u00e9s des r\u00e9seaux mondiaux.<\/p>\n<p style=\"text-align: justify;\">Notre \u00e9quipe multilingue garantit une communication fluide \u00e0 travers les fronti\u00e8res. Nous souhaitons aider les professionnels \u00e0 distance et les \u00e9quipes hybrides \u00e0 prosp\u00e9rer en leur offrant la libert\u00e9 d&rsquo;op\u00e9rer depuis n&rsquo;importe o\u00f9.<\/p>\n<p>[\/vc_column_text][vc_empty_space height=\u00a0\u00bb40px\u00a0\u00bb][\/vc_column_inner][\/vc_row_inner][\/vc_column][\/vc_row][vc_row full_width=\u00a0\u00bbstretch_row\u00a0\u00bb parallax=\u00a0\u00bbcontent-moving\u00a0\u00bb parallax_image=\u00a0\u00bb167&Prime; css=\u00a0\u00bb.vc_custom_1732722700272{padding-top: 30px !important;padding-bottom: 86px !important;background: #EEEEEE url(https:\/\/proactyv.com\/wp-content\/uploads\/2024\/11\/about-background.jpg?id=2309);background-position: center;background-repeat: no-repeat !important;background-size: cover !important;}\u00a0\u00bb][vc_column width=\u00a0\u00bb1\/6&Prime;][\/vc_column][vc_column width=\u00a0\u00bb2\/3&Prime;][vc_empty_space height=\u00a0\u00bb40px\u00a0\u00bb][vc_custom_heading text=\u00a0\u00bbNOTRE DEVISE EST \u00ab\u00a0NOUS PRENONS EN CHARGE\u00ab\u00a0\u00a0\u00bb font_container=\u00a0\u00bbtag:h3|text_align:center|color:%23FFFFFF\u00a0\u00bb use_theme_fonts=\u00a0\u00bbyes\u00a0\u00bb css=\u00a0\u00bb\u00a0\u00bb][vc_empty_space height=\u00a0\u00bb25px\u00a0\u00bb]<ul class=\"iconlist iconlist iconlist-icon-small \"><li ><div class=\"iconlist-item-icon\"><i class=\"far fa-check-circle\"><\/i><span class=\"shapes\"><\/span><\/div><div class=\"iconlist-item-content\">\n<p style=\"text-align: justify\"><span style=\"color: #ffffff\">Comme notre nom d&rsquo;entreprise, \u00eatre \u00ab Proactyv \u00bb fait partie de nos forces fondamentales. Cela fait partie int\u00e9grante de notre culture organisationnelle et de notre identit\u00e9 d&rsquo;entreprise.<\/span><\/p>\n<p><\/div><\/li><li ><div class=\"iconlist-item-icon\"><i class=\"far fa-check-circle\"><\/i><span class=\"shapes\"><\/span><\/div><div class=\"iconlist-item-content\">\n<p style=\"text-align: justify\"><span style=\"color: #ffffff\">Nous mettons \u00e0 profit notre expertise approfondie en gestion et nos solides relations pour offrir un service exceptionnel, ax\u00e9 sur la qualit\u00e9, l&rsquo;efficacit\u00e9 et la durabilit\u00e9.<\/span><\/p>\n<p><\/div><\/li><li ><div class=\"iconlist-item-icon\"><i class=\"far fa-check-circle\"><\/i><span class=\"shapes\"><\/span><\/div><div class=\"iconlist-item-content\">\n<p style=\"text-align: justify\"><span style=\"color: #ffffff\">Nos experts multilingues g\u00e8rent proactivement les t\u00e2ches quotidiennes et anticipent vos besoins, garantissant une communication fluide \u00e0 travers les fronti\u00e8res.<\/span><\/p>\n<p><\/div><\/li><li ><div class=\"iconlist-item-icon\"><i class=\"far fa-check-circle\"><\/i><span class=\"shapes\"><\/span><\/div><div class=\"iconlist-item-content\">\n<p style=\"text-align: justify\"><span style=\"color: #ffffff\">Nous allons au-del\u00e0 de la simple r\u00e9alisation de t\u00e2ches. Nous nous effor\u00e7ons de comprendre vos objectifs uniques et de fournir des solutions sur mesure qui simplifient les processus et g\u00e9n\u00e8rent des r\u00e9sultats.<\/span><\/p>\n<p><\/div><\/li><\/ul>[vc_empty_space height=\u00a0\u00bb60px\u00a0\u00bb][\/vc_column][vc_column width=\u00a0\u00bb1\/6&Prime;][\/vc_column][\/vc_row][vc_row css=\u00a0\u00bb.vc_custom_1519788101688{margin-top: -86px !important;}\u00a0\u00bb][vc_column][vc_tta_tabs active_section=\u00a0\u00bb1&Prime;][vc_tta_section title=\u00a0\u00bbNotre \u00e9quipe dirigeante\u00a0\u00bb tab_id=\u00a0\u00bb1519791454628-7b342f17-27187dc3-a2cb\u00a0\u00bb][vc_row_inner][vc_column_inner width=\u00a0\u00bb1\/3&Prime;]\n\t<div class=\"member   vc_custom_1737373110042\">\t\n\t\t<div class=\"member-content\">\n\t\t\t<div class=\"member-image\">\n\t\t\t\t\n\t\t\t\t\n\t\t\t<\/div>\n\t\t\t<div class=\"member-info\">\n\t\t\t\t<h3 class=\"member-name\">Jacques Abouzeid<\/h3>\n\t\t\t\t<div class=\"member-desc\"><p>Directeur G\u00e9n\u00e9ral<br \/>\n<a href=\"mailto:jacques@proactyv.com\">jacques@proactyv.com<\/a><\/p>\n<\/div>\n\t\t\t\t\n\t\t\t<\/div>\n\t\t<\/div>\n\t<\/div>[\/vc_column_inner][vc_column_inner width=\u00a0\u00bb1\/3&Prime;]\n\t<div class=\"member   vc_custom_1737373145028\">\t\n\t\t<div class=\"member-content\">\n\t\t\t<div class=\"member-image\">\n\t\t\t\t\n\t\t\t\t\n\t\t\t<\/div>\n\t\t\t<div class=\"member-info\">\n\t\t\t\t<h3 class=\"member-name\">Hiba Halawi<\/h3>\n\t\t\t\t<div class=\"member-desc\"><p>Responsable Communication<br \/>\n<a href=\"mailto:hiba@proactyv.com\">hiba@proactyv.com<\/a><\/p>\n<\/div>\n\t\t\t\t\n\t\t\t<\/div>\n\t\t<\/div>\n\t<\/div>[\/vc_column_inner][vc_column_inner width=\u00a0\u00bb1\/3&Prime;]\n\t<div class=\"member   vc_custom_1737373164237\">\t\n\t\t<div class=\"member-content\">\n\t\t\t<div class=\"member-image\">\n\t\t\t\t\n\t\t\t\t\n\t\t\t<\/div>\n\t\t\t<div class=\"member-info\">\n\t\t\t\t<h3 class=\"member-name\">Georges Mokbel<\/h3>\n\t\t\t\t<div class=\"member-desc\"><p>Consultant Senior<br \/>\n<a href=\"mailto:georges@proactyv.com\">georges@proactyv.com<\/a><\/p>\n<\/div>\n\t\t\t\t\n\t\t\t<\/div>\n\t\t<\/div>\n\t<\/div>[\/vc_column_inner][\/vc_row_inner][\/vc_tta_section][vc_tta_section title=\u00a0\u00bbNotre mission et vision\u00a0\u00bb tab_id=\u00a0\u00bb1519791456647-7a2b752e-d9f37dc3-a2cb\u00a0\u00bb][vc_row_inner][vc_column_inner width=\u00a0\u00bb1\/2&Prime;]<ul class=\"iconlist iconlist iconlist-icon-small \"><li ><div class=\"iconlist-item-icon\"><i class=\"sl-check\"><\/i><span class=\"shapes\"><\/span><\/div><div class=\"iconlist-item-content\">Cr\u00e9er un environnement responsable pour l&rsquo;innovation<\/div><\/li><li ><div class=\"iconlist-item-icon\"><i class=\"sl-check\"><\/i><span class=\"shapes\"><\/span><\/div><div class=\"iconlist-item-content\">Offrir une valeur \u00e0 long terme et d\u00e9passer les attentes<\/div><\/li><\/ul>[\/vc_column_inner][vc_column_inner width=\u00a0\u00bb1\/2&Prime;]<ul class=\"iconlist iconlist iconlist-icon-small \"><li ><div class=\"iconlist-item-icon\"><i class=\"sl-check\"><\/i><span class=\"shapes\"><\/span><\/div><div class=\"iconlist-item-content\">Devenir une extension de votre \u00e9quipe<\/div><\/li><li ><div class=\"iconlist-item-icon\"><i class=\"sl-check\"><\/i><span class=\"shapes\"><\/span><\/div><div class=\"iconlist-item-content\">Aider les entreprises \u00e0 fonctionner de mani\u00e8re flexible et \u00e0 atteindre leur croissance<\/div><\/li><\/ul>[\/vc_column_inner][\/vc_row_inner][vc_row_inner][vc_column_inner][vc_empty_space height=\u00a0\u00bb40px\u00a0\u00bb][vc_separator border_width=\u00a0\u00bb3&Prime; css=\u00a0\u00bb\u00a0\u00bb][vc_empty_space height=\u00a0\u00bb50px\u00a0\u00bb][vc_column_text css=\u00a0\u00bb\u00a0\u00bb]<\/p>\n<p style=\"text-align: center;\">Nous croyons en une mani\u00e8re de travailler flexible qui am\u00e9liore la qualit\u00e9 de vie. Chez Proactyv, nous envisageons un avenir o\u00f9 les entreprises int\u00e8grent parfaitement des mod\u00e8les de travail flexibles pour autonomiser leurs employ\u00e9s et optimiser leurs op\u00e9rations.<\/p>\n<p>[\/vc_column_text][vc_empty_space height=\u00a0\u00bb35px\u00a0\u00bb][vc_column_text css=\u00a0\u00bb\u00a0\u00bb]<\/p>\n<p style=\"text-align: center;\"><a class=\"button large\" href=\"https:\/\/proactyv.com\/fr\/contactez-nous\/\">Prenez contact<\/a><\/p>\n<p>[\/vc_column_text][\/vc_column_inner][\/vc_row_inner][\/vc_tta_section][\/vc_tta_tabs][vc_empty_space height=\u00a0\u00bb60px\u00a0\u00bb][\/vc_column][\/vc_row][vc_row full_width=\u00a0\u00bbstretch_row\u00a0\u00bb css=\u00a0\u00bb.vc_custom_1515983876467{padding-top: 30px !important;padding-bottom: 50px !important;background-image: url(https:\/\/proactyv.com\/wp-content\/uploads\/\/2017\/09\/bg-industries.png?id=82) !important;}\u00a0\u00bb el_class=\u00a0\u00bbfix-bg\u00a0\u00bb][vc_column][vc_separator border_width=\u00a0\u00bb4&Prime; css=\u00a0\u00bb\u00a0\u00bb][\/vc_column][\/vc_row][vc_row full_width=\u00a0\u00bbstretch_row\u00a0\u00bb css=\u00a0\u00bb.vc_custom_1733308673779{padding-top: 20px !important;padding-bottom: 20px !important;background-color: #FFFFFF !important;}\u00a0\u00bb][vc_column][vc_row_inner content_placement=\u00a0\u00bbmiddle\u00a0\u00bb][vc_column_inner][vc_custom_heading text=\u00a0\u00bbCE QUE NOS CLIENTS DISENT DE NOUS\u00a0\u00bb font_container=\u00a0\u00bbtag:h3|text_align:center\u00a0\u00bb use_theme_fonts=\u00a0\u00bbyes\u00a0\u00bb css_animation=\u00a0\u00bbnone\u00a0\u00bb css=\u00a0\u00bb\u00a0\u00bb][vc_empty_space height=\u00a0\u00bb70px\u00a0\u00bb el_class=\u00a0\u00bbtestimonial-space\u00a0\u00bb][\/vc_column_inner][\/vc_row_inner]<!-- BEGIN: .elements-carousel -->\n<div class=\"elements-carousel  \" data-config=\"{&quot;items&quot;:1,&quot;singleItem&quot;:true,&quot;autoPlay&quot;:false,&quot;stopOnHover&quot;:true,&quot;mouseDrag&quot;:true,&quot;touchDrag&quot;:true,&quot;responsive&quot;:true,&quot;scrollPerPage&quot;:true,&quot;slideSpeed&quot;:200,&quot;paginationSpeed&quot;:200,&quot;rewindSpeed&quot;:200,&quot;navigation&quot;:false,&quot;rewindNav&quot;:false,&quot;pagination&quot;:true,&quot;paginationNumbers&quot;:false,&quot;dragBeforeAnimFinish&quot;:true,&quot;addClassActive&quot;:true,&quot;autoHeight&quot;:true,&quot;navigationText&quot;:[&quot;Previous&quot;,&quot;Next&quot;],&quot;itemsScaleUp&quot;:true}\">\n\t<div class=\"elements-carousel-wrap\">\n\t\t\n\t<div class=\"testimonial  \">\n\t\t\n\t\t<div class=\"testimonial-content\">\n\t\t\t<blockquote>\n\t\t\t\t<\/p>\n<p style=\"text-align: justify\">Impressionn\u00e9s par l&rsquo;impact de Proactyv dans notre organisation. Bien que notre entreprise ait toujours \u00e9t\u00e9 tr\u00e8s organis\u00e9e, Proactyv a fait preuve de comp\u00e9tences technologiques, a promu des changements et nous a offert un nouveau standard plus \u00e9lev\u00e9. Proactyv justifie pleinement son nom.<\/p>\n<p>\n\t\t\t<\/blockquote>\n\t\t<\/div>\n\n\t\t<div class=\"testimonial-meta\">\n\t\t\t\t\t\t<h3 class=\"author-name\">Felipe Cabral<\/h3>\n\t\t\t<div class=\"author-info\"><span class=\"subtitle\">Action Agenciamento De Cargas \u2013 Brazil<\/span><\/div>\n\t\t<\/div>\n\n\t<\/div>\n\n\t<div class=\"testimonial  \">\n\t\t\n\t\t<div class=\"testimonial-content\">\n\t\t\t<blockquote>\n\t\t\t\t<\/p>\n<p style=\"text-align: justify\">Nous sommes extr\u00eamement satisfaits des services exceptionnels que Proactyv fournit au WIN Network. Leur gestion fluide des t\u00e2ches administratives et de gestion nous a permis de nous concentrer sur le renforcement de notre communaut\u00e9 mondiale de transitaires. Le professionnalisme, l&rsquo;efficacit\u00e9 et l&rsquo;attention aux d\u00e9tails de Proactyv ont \u00e9t\u00e9 essentiels au bon fonctionnement de nos processus de back-office. Leur engagement \u00e0 soutenir notre association garantit que nous continuons \u00e0 apporter de la valeur \u00e0 nos membres \u00e0 travers le monde. Nous appr\u00e9cions vraiment de les avoir comme partenaire fiable.<\/p>\n<p>\n\t\t\t<\/blockquote>\n\t\t<\/div>\n\n\t\t<div class=\"testimonial-meta\">\n\t\t\t\t\t\t<h3 class=\"author-name\">Juri Falandt<\/h3>\n\t\t\t<div class=\"author-info\"><span class=\"subtitle\">Shypple B.V. \u2013 Les Pays-Bas<\/span><\/div>\n\t\t<\/div>\n\n\t<\/div>\n\n\t<div class=\"testimonial  \">\n\t\t\n\t\t<div class=\"testimonial-content\">\n\t\t\t<blockquote>\n\t\t\t\t<\/p>\n<p style=\"text-align: justify\">En tant que responsable de WIN, Worldwide Independent Network, nous avons besoin d&rsquo;un soutien juridique et administratif pour coordonner nos processus.<br \/>\nJe ne peux que confirmer qu&rsquo;avec Proactyv, non seulement ils ont parfaitement r\u00e9pondu \u00e0 nos besoins, mais ils nous ont \u00e9galement offert des am\u00e9liorations, des d\u00e9veloppements et des suggestions d&rsquo;optimisation continues, en \u00e9tant constamment impliqu\u00e9s dans nos processus.<br \/>\nC&rsquo;\u00e9tait la bonne d\u00e9cision pour nous, et je peux dire que c&rsquo;\u00e9tait une d\u00e9cision tr\u00e8s pertinente, d\u00e9passant nos attentes.<\/p>\n<p>\n\t\t\t<\/blockquote>\n\t\t<\/div>\n\n\t\t<div class=\"testimonial-meta\">\n\t\t\t\t\t\t<h3 class=\"author-name\">Albert Maier<\/h3>\n\t\t\t<div class=\"author-info\"><span class=\"subtitle\">Pr\u00e9sident - WIN Association and WIN Logistics AG<\/span><\/div>\n\t\t<\/div>\n\n\t<\/div>\n\t<\/div>\n<\/div>\n<!-- END: .elements-carousel -->\n[\/vc_column][\/vc_row]<\/p>\n<\/div>","protected":false},"excerpt":{"rendered":"<p>[vc_row el_class=\u00a0\u00bbtop-who-weare\u00a0\u00bb][vc_column width=\u00a0\u00bb2\/3&Prime;][vc_empty_space height=\u00a0\u00bb30px\u00a0\u00bb][\/vc_column][vc_column width=\u00a0\u00bb1\/3&Prime;][vc_empty_space height=\u00a0\u00bb30px\u00a0\u00bb][vc_empty_space height=\u00a0\u00bb30px\u00a0\u00bb][\/vc_column][\/vc_row][vc_row][vc_column][vc_empty_space height=\u00a0\u00bb40px\u00a0\u00bb][vc_custom_heading text=\u00a0\u00bbVOTRE SOLUTION TOUT-EN-UN POUR LES SERVICES EXTERNALIS\u00c9S DE GESTION DE BUREAU\u00a0\u00bb font_container=\u00a0\u00bbtag:h3|text_align:center|color:%23267D7D\u00a0\u00bb use_theme_fonts=\u00a0\u00bbyes\u00a0\u00bb css=\u00a0\u00bb\u00a0\u00bb][vc_empty_space height=\u00a0\u00bb20px\u00a0\u00bb][vc_row_inner gap=\u00a0\u00bb35&Prime;][vc_column_inner width=\u00a0\u00bb1\/2&Prime;][vc_column_text css=\u00a0\u00bb\u00a0\u00bb] Proactyv, dont le si\u00e8ge est en France, est une solution tout-en-un pour les services externalis\u00e9s de gestion de bureau. Nous nous sp\u00e9cialisons dans le soutien aux entreprises, startups, syndicats, [&hellip;]<\/p>\n","protected":false},"author":2,"featured_media":0,"parent":0,"menu_order":0,"comment_status":"closed","ping_status":"open","template":"","meta":{"_acf_changed":false,"footnotes":""},"class_list":["post-2973","page","type-page","status-publish","hentry"],"acf":[],"_links":{"self":[{"href":"https:\/\/proactyv.com\/fr\/wp-json\/wp\/v2\/pages\/2973"}],"collection":[{"href":"https:\/\/proactyv.com\/fr\/wp-json\/wp\/v2\/pages"}],"about":[{"href":"https:\/\/proactyv.com\/fr\/wp-json\/wp\/v2\/types\/page"}],"author":[{"embeddable":true,"href":"https:\/\/proactyv.com\/fr\/wp-json\/wp\/v2\/users\/2"}],"replies":[{"embeddable":true,"href":"https:\/\/proactyv.com\/fr\/wp-json\/wp\/v2\/comments?post=2973"}],"version-history":[{"count":11,"href":"https:\/\/proactyv.com\/fr\/wp-json\/wp\/v2\/pages\/2973\/revisions"}],"predecessor-version":[{"id":3068,"href":"https:\/\/proactyv.com\/fr\/wp-json\/wp\/v2\/pages\/2973\/revisions\/3068"}],"wp:attachment":[{"href":"https:\/\/proactyv.com\/fr\/wp-json\/wp\/v2\/media?parent=2973"}],"curies":[{"name":"wp","href":"https:\/\/api.w.org\/{rel}","templated":true}]}}