{"id":2984,"date":"2024-11-26T14:09:26","date_gmt":"2024-11-26T13:09:26","guid":{"rendered":"https:\/\/proactyv.com\/why-choose-us\/"},"modified":"2025-01-23T08:36:50","modified_gmt":"2025-01-23T08:36:50","slug":"pourquoi-nous","status":"publish","type":"page","link":"https:\/\/proactyv.com\/fr\/pourquoi-nous\/","title":{"rendered":"Pourquoi Nous"},"content":{"rendered":"<div class=\"wpb-content-wrapper\"><p>[vc_row disable_element=\u00a0\u00bbyes\u00a0\u00bb css=\u00a0\u00bb.vc_custom_1737029113872{margin-right: 0px !important;margin-left: 0px !important;padding-bottom: 60px !important;}\u00a0\u00bb el_class=\u00a0\u00bbtop-who-weare\u00a0\u00bb][vc_column css=\u00a0\u00bb.vc_custom_1735291433317{padding-top: 100px !important;padding-bottom: 100px !important;background-image: url(https:\/\/proactyv.com\/wp-content\/uploads\/2024\/12\/Proactyv-why-choose-us-BG-4.jpg?id=2719) !important;background-position: 0 0 !important;background-repeat: no-repeat !important;}\u00a0\u00bb el_class=\u00a0\u00bbchoose-us\u00a0\u00bb][vc_row_inner css=\u00a0\u00bb.vc_custom_1732784513464{padding-right: 70px !important;padding-left: 70px !important;}\u00a0\u00bb][vc_column_inner width=\u00a0\u00bb1\/3&Prime;]<div class=\"counter icon-green  vc_custom_1732861045612\"><div class=\"counter-image\"><i class=\"entypo-icon entypo-icon-users\"><\/i><\/div> <div class=\"counter-detail\">\n\t\t<h3 class=\"counter-content\">\n\t\t\t<span class=\"counter-prefix\"><\/span><span class=\"counter-value\" data-from=\"0\" data-to=\"320\" data-speed=\"1000\">0<\/span><span class=\"counter-suffix\">+<\/span>\n\t\t<\/h3>\n\t<div class=\"counter-title\">Partners<\/div><\/div><\/div>[\/vc_column_inner][vc_column_inner width=\u00a0\u00bb1\/3&Prime;]<div class=\"counter icon-green  vc_custom_1732811769082\"><div class=\"counter-image\"><i class=\"entypo-icon entypo-icon-briefcase\"><\/i><\/div> <div class=\"counter-detail\">\n\t\t<h3 class=\"counter-content\">\n\t\t\t<span class=\"counter-prefix\"><\/span><span class=\"counter-value\" data-from=\"0\" data-to=\"148\" data-speed=\"1000\">0<\/span><span class=\"counter-suffix\">+<\/span>\n\t\t<\/h3>\n\t<div class=\"counter-title\">Experts<\/div><\/div><\/div>[\/vc_column_inner][vc_column_inner width=\u00a0\u00bb1\/3&Prime;]<div class=\"counter icon-green  vc_custom_1732811779431\"><div class=\"counter-image\"><i class=\"entypo-icon entypo-icon-user\"><\/i><\/div> <div class=\"counter-detail\">\n\t\t<h3 class=\"counter-content\">\n\t\t\t<span class=\"counter-prefix\"><\/span><span class=\"counter-value\" data-from=\"0\" data-to=\"6\" data-speed=\"1000\">0<\/span><span class=\"counter-suffix\"><\/span>\n\t\t<\/h3>\n\t<div class=\"counter-title\">Years of experience<\/div><\/div><\/div>[\/vc_column_inner][\/vc_row_inner][\/vc_column][\/vc_row][vc_row css=\u00a0\u00bb.vc_custom_1737029194309{margin-top: 20px !important;}\u00a0\u00bb][vc_column width=\u00a0\u00bb1\/4&Prime;][vc_custom_heading text=\u00a0\u00bbSoutenir la croissance de votre entreprise\u00a0\u00bb font_container=\u00a0\u00bbtag:h4|text_align:left|color:%234A9393&Prime; use_theme_fonts=\u00a0\u00bbyes\u00a0\u00bb css=\u00a0\u00bb\u00a0\u00bb][vc_empty_space height=\u00a0\u00bb20px\u00a0\u00bb][\/vc_column][vc_column width=\u00a0\u00bb3\/4&Prime;][vc_column_text css=\u00a0\u00bb\u00a0\u00bb]<\/p>\n<p style=\"text-align: justify;\">Votre entreprise peut cro\u00eetre et se d\u00e9velopper avec nous, et nous sommes l\u00e0 pour vous soutenir \u00e0 chaque \u00e9tape. Votre entreprise est en expansion, mais la gestion quotidienne vous semble accablante ? Laissez-nous nous en occuper.<\/p>\n<p style=\"text-align: justify;\">Proactyv grandit avec votre entreprise, offrant le soutien dont vous avez besoin \u00e0 chaque \u00e9tape. Concentrez-vous sur vos activit\u00e9s principales pendant que nous nous occupons de la gestion de votre bureau. Soyez flexible, d\u00e9veloppez votre entreprise sans les tracas \u2014 nous g\u00e9rons le reste. R\u00e9duisez les frais g\u00e9n\u00e9raux, les co\u00fbts de location, la s\u00e9curit\u00e9 sociale et les charges associ\u00e9es.<\/p>\n<p>[\/vc_column_text][vc_empty_space height=\u00a0\u00bb50px\u00a0\u00bb][\/vc_column][\/vc_row][vc_row css=\u00a0\u00bb.vc_custom_1733312415986{margin-top: 10px !important;}\u00a0\u00bb][vc_column width=\u00a0\u00bb1\/4&Prime;][vc_custom_heading text=\u00a0\u00bbAvantages\u00a0\u00bb font_container=\u00a0\u00bbtag:h4|text_align:left|color:%234A9393&Prime; use_theme_fonts=\u00a0\u00bbyes\u00a0\u00bb css=\u00a0\u00bb\u00a0\u00bb][vc_empty_space height=\u00a0\u00bb20px\u00a0\u00bb][\/vc_column][vc_column width=\u00a0\u00bb3\/4&Prime;][vc_column_text css=\u00a0\u00bb.vc_custom_1737373827238{margin-top: -20px !important;}\u00a0\u00bb]<\/p>\n<ul>\n<li style=\"text-align: justify;\">R\u00e9duction des co\u00fbts et minimisation des frais g\u00e9n\u00e9raux : R\u00e9alisez des \u00e9conomies importantes et optimisez vos ressources financi\u00e8res.<\/li>\n<li style=\"text-align: justify;\">Absence de probl\u00e8mes de personnel : \u00c9liminez les contraintes de recrutement, de formation et de gestion.<\/li>\n<li style=\"text-align: justify;\">Efficacit\u00e9 constante \u00e0 long terme : Garantissez une excellence op\u00e9rationnelle durable.<\/li>\n<li style=\"text-align: justify;\">SOP rationalis\u00e9es et KPIs am\u00e9lior\u00e9s : Affinez et standardisez les proc\u00e9dures op\u00e9rationnelles tout en favorisant des am\u00e9liorations mesurables des principaux indicateurs de performance.<\/li>\n<li style=\"text-align: justify;\">Visibilit\u00e9 accrue et contr\u00f4le total : Obtenez des informations compl\u00e8tes et un suivi op\u00e9rationnel total.<\/li>\n<li style=\"text-align: justify;\">Pr\u00e9cision des co\u00fbts et optimisation : Assurez un budget pr\u00e9cis et maximisez l&rsquo;efficacit\u00e9 des co\u00fbts.<\/li>\n<\/ul>\n<p>[\/vc_column_text][vc_empty_space height=\u00a0\u00bb50px\u00a0\u00bb][\/vc_column][\/vc_row][vc_row css=\u00a0\u00bb.vc_custom_1732695072528{margin-top: 10px !important;}\u00a0\u00bb][vc_column width=\u00a0\u00bb1\/4&Prime;][vc_custom_heading text=\u00a0\u00bbNos forces\u00a0\u00bb font_container=\u00a0\u00bbtag:h4|text_align:left|color:%234A9393&Prime; use_theme_fonts=\u00a0\u00bbyes\u00a0\u00bb css=\u00a0\u00bb\u00a0\u00bb][vc_empty_space height=\u00a0\u00bb20px\u00a0\u00bb][\/vc_column][vc_column width=\u00a0\u00bb3\/4&Prime; el_class=\u00a0\u00bbshadow\u00a0\u00bb css=\u00a0\u00bb.vc_custom_1732799872353{padding-top: 0px !important;padding-right: 0px !important;padding-bottom: 0px !important;padding-left: 0px !important;background-color: #FFFFFF !important;}\u00a0\u00bb][vc_column_text css=\u00a0\u00bb\u00a0\u00bb el_class=\u00a0\u00bbquestionsFaq\u00a0\u00bb]<\/p>\n<ul class=\"flx-items\">\n<li><img loading=\"lazy\" decoding=\"async\" class=\"alignleft\" src=\"https:\/\/proactyv.com\/wp-content\/uploads\/2024\/11\/Proactyv-Our-strengths-2.png\" alt=\"\" width=\"75\" height=\"75\" \/><br \/>\n<h4><strong>Votre solution tout-en-un pour la gestion de bureau :<\/strong> Nous couvrons tous vos besoins, de la gestion de r\u00e9seau et des communications marketing au soutien ex\u00e9cutif et \u00e0 l&rsquo;organisation d&rsquo;\u00e9v\u00e9nements.<\/h4>\n<\/li>\n<li><img loading=\"lazy\" decoding=\"async\" class=\"alignleft\" src=\"https:\/\/proactyv.com\/wp-content\/uploads\/2024\/11\/Proactyv-Our-strengths-3.png\" alt=\"\" width=\"75\" height=\"75\" \/><br \/>\n<h4><strong>Expertise \u00e9prouv\u00e9e dans les r\u00e9seaux complexes :<\/strong> Forts d&rsquo;une exp\u00e9rience soutenant des organisations g\u00e9ographiquement dispers\u00e9es, nous comprenons les structures de r\u00e9seaux et leurs d\u00e9fis uniques.<\/h4>\n<\/li>\n<li><img loading=\"lazy\" decoding=\"async\" class=\"alignleft\" src=\"https:\/\/proactyv.com\/wp-content\/uploads\/2024\/11\/Proactyv-Our-strengths-5.png\" alt=\"\" width=\"75\" height=\"75\" \/><br \/>\n<h4><strong>Mentalit\u00e9 proactive :<\/strong> Nous anticipons les besoins, relevons les d\u00e9fis avant qu&rsquo;ils n&rsquo;apparaissent et saisissons les opportunit\u00e9s pour vous maintenir en t\u00eate.<\/h4>\n<\/li>\n<li><img loading=\"lazy\" decoding=\"async\" class=\"alignleft\" src=\"https:\/\/proactyv.com\/wp-content\/uploads\/2024\/11\/Proactyv-Our-strengths-6.png\" alt=\"\" width=\"75\" height=\"75\" \/><br \/>\n<h4><strong>Comp\u00e9tences multilingues :<\/strong> Fluides en fran\u00e7ais, anglais et arabe, nous garantissons une communication fluide au sein des \u00e9quipes internationales.<\/h4>\n<\/li>\n<li><img loading=\"lazy\" decoding=\"async\" class=\"alignleft\" src=\"https:\/\/proactyv.com\/wp-content\/uploads\/2024\/11\/Proactyv-Our-strengths-8.png\" alt=\"\" width=\"75\" height=\"75\" \/><br \/>\n<h4><strong>Solutions \u00e9volutives et personnalisables :<\/strong> Nos services s&rsquo;adaptent aux besoins et au budget de l&rsquo;entreprise, en grandissant avec votre entreprise au fur et \u00e0 mesure de son \u00e9volution.<\/h4>\n<\/li>\n<li><img loading=\"lazy\" decoding=\"async\" class=\"alignleft\" src=\"https:\/\/proactyv.com\/wp-content\/uploads\/2024\/11\/Proactyv-Our-strengths-7.png\" alt=\"\" width=\"75\" height=\"75\" \/><br \/>\n<h4><strong>Approche personnalis\u00e9e :<\/strong> Nous favorisons des relations solides avec nos clients, en nous int\u00e9ressant sinc\u00e8rement \u00e0 vos r\u00e9ussites.<\/h4>\n<\/li>\n<li><img loading=\"lazy\" decoding=\"async\" class=\"alignleft\" src=\"https:\/\/proactyv.com\/wp-content\/uploads\/2024\/11\/Proactyv-Our-strengths-10.png\" alt=\"\" width=\"75\" height=\"75\" \/><br \/>\n<h4><strong>Efficacit\u00e9 aliment\u00e9e par la technologie :<\/strong> Notre \u00e9quipe experte en technologie utilise des outils de pointe pour am\u00e9liorer la productivit\u00e9 et rationaliser les flux de travail.<\/h4>\n<\/li>\n<li><img loading=\"lazy\" decoding=\"async\" class=\"alignleft\" src=\"https:\/\/proactyv.com\/wp-content\/uploads\/2024\/11\/Proactyv-Our-strengths-9.png\" alt=\"\" width=\"75\" height=\"75\" \/><br \/>\n<h4><strong>Responsabilit\u00e9 de A \u00e0 Z :<\/strong> Nous g\u00e9rons le recrutement et la formation, \u00e9liminant ainsi votre besoin de recrutement administratif suppl\u00e9mentaire.<\/h4>\n<\/li>\n<\/ul>\n<p>[\/vc_column_text][\/vc_column][\/vc_row][vc_row css=\u00a0\u00bb.vc_custom_1735304419158{margin-top: 60px !important;}\u00a0\u00bb][vc_column][vc_separator border_width=\u00a0\u00bb4&Prime; css=\u00a0\u00bb\u00a0\u00bb][vc_empty_space height=\u00a0\u00bb55px\u00a0\u00bb][vc_custom_heading text=\u00a0\u00bbNOS CLIENTS POTENTIELS\u00a0\u00bb font_container=\u00a0\u00bbtag:h3|text_align:center|color:%23267D7D\u00a0\u00bb use_theme_fonts=\u00a0\u00bbyes\u00a0\u00bb css=\u00a0\u00bb\u00a0\u00bb][vc_empty_space height=\u00a0\u00bb35px\u00a0\u00bb][vc_row_inner][vc_column_inner width=\u00a0\u00bb1\/2&Prime;]<ul class=\"iconlist iconlist iconlist-icon-small \"><li ><div class=\"iconlist-item-icon\"><i class=\"sl-check\"><\/i><span class=\"shapes\"><\/span><\/div><div class=\"iconlist-item-content\">Startups aux id\u00e9es novatrices recherchant une gestion experte pour faire avancer leur entreprise<\/div><\/li><li ><div class=\"iconlist-item-icon\"><i class=\"sl-check\"><\/i><span class=\"shapes\"><\/span><\/div><div class=\"iconlist-item-content\">Entreprises op\u00e9rant dans des environnements \u00e0 distance ou hybrides n\u00e9cessitant une gestion fluide et efficace des talents<\/div><\/li><li ><div class=\"iconlist-item-icon\"><i class=\"sl-check\"><\/i><span class=\"shapes\"><\/span><\/div><div class=\"iconlist-item-content\">Entreprises dynamiques ayant besoin d&rsquo;un soutien de gestion agile et proactif pour rester en t\u00eate de la concurrence<\/div><\/li><\/ul>[\/vc_column_inner][vc_column_inner width=\u00a0\u00bb1\/2&Prime;]<ul class=\"iconlist iconlist iconlist-icon-small \"><li ><div class=\"iconlist-item-icon\"><i class=\"sl-check\"><\/i><span class=\"shapes\"><\/span><\/div><div class=\"iconlist-item-content\">R\u00e9seaux, syndicats et associations sans bureau physique, mais n\u00e9cessitant des talents pour g\u00e9rer les op\u00e9rations quotidiennes<\/div><\/li><li ><div class=\"iconlist-item-icon\"><i class=\"sl-check\"><\/i><span class=\"shapes\"><\/span><\/div><div class=\"iconlist-item-content\">Organisations avec des conseils et dirigeants dispers\u00e9s, n\u00e9cessitant une supervision strat\u00e9gique<\/div><\/li><\/ul>[\/vc_column_inner][\/vc_row_inner][vc_empty_space height=\u00a0\u00bb45px\u00a0\u00bb][\/vc_column][\/vc_row]<\/p>\n<\/div>","protected":false},"excerpt":{"rendered":"<p>[vc_row disable_element=\u00a0\u00bbyes\u00a0\u00bb css=\u00a0\u00bb.vc_custom_1737029113872{margin-right: 0px !important;margin-left: 0px !important;padding-bottom: 60px !important;}\u00a0\u00bb el_class=\u00a0\u00bbtop-who-weare\u00a0\u00bb][vc_column css=\u00a0\u00bb.vc_custom_1735291433317{padding-top: 100px !important;padding-bottom: 100px !important;background-image: url(https:\/\/proactyv.com\/wp-content\/uploads\/2024\/12\/Proactyv-why-choose-us-BG-4.jpg?id=2719) !important;background-position: 0 0 !important;background-repeat: no-repeat !important;}\u00a0\u00bb el_class=\u00a0\u00bbchoose-us\u00a0\u00bb][vc_row_inner css=\u00a0\u00bb.vc_custom_1732784513464{padding-right: 70px !important;padding-left: 70px !important;}\u00a0\u00bb][vc_column_inner width=\u00a0\u00bb1\/3&Prime;][\/vc_column_inner][vc_column_inner width=\u00a0\u00bb1\/3&Prime;][\/vc_column_inner][vc_column_inner width=\u00a0\u00bb1\/3&Prime;][\/vc_column_inner][\/vc_row_inner][\/vc_column][\/vc_row][vc_row css=\u00a0\u00bb.vc_custom_1737029194309{margin-top: 20px !important;}\u00a0\u00bb][vc_column width=\u00a0\u00bb1\/4&Prime;][vc_custom_heading text=\u00a0\u00bbSoutenir la croissance de votre entreprise\u00a0\u00bb font_container=\u00a0\u00bbtag:h4|text_align:left|color:%234A9393&Prime; use_theme_fonts=\u00a0\u00bbyes\u00a0\u00bb css=\u00a0\u00bb\u00a0\u00bb][vc_empty_space height=\u00a0\u00bb20px\u00a0\u00bb][\/vc_column][vc_column width=\u00a0\u00bb3\/4&Prime;][vc_column_text css=\u00a0\u00bb\u00a0\u00bb] Votre entreprise peut cro\u00eetre et se d\u00e9velopper avec [&hellip;]<\/p>\n","protected":false},"author":2,"featured_media":0,"parent":0,"menu_order":0,"comment_status":"closed","ping_status":"closed","template":"","meta":{"_acf_changed":false,"footnotes":""},"class_list":["post-2984","page","type-page","status-publish","hentry"],"acf":[],"_links":{"self":[{"href":"https:\/\/proactyv.com\/fr\/wp-json\/wp\/v2\/pages\/2984"}],"collection":[{"href":"https:\/\/proactyv.com\/fr\/wp-json\/wp\/v2\/pages"}],"about":[{"href":"https:\/\/proactyv.com\/fr\/wp-json\/wp\/v2\/types\/page"}],"author":[{"embeddable":true,"href":"https:\/\/proactyv.com\/fr\/wp-json\/wp\/v2\/users\/2"}],"replies":[{"embeddable":true,"href":"https:\/\/proactyv.com\/fr\/wp-json\/wp\/v2\/comments?post=2984"}],"version-history":[{"count":10,"href":"https:\/\/proactyv.com\/fr\/wp-json\/wp\/v2\/pages\/2984\/revisions"}],"predecessor-version":[{"id":2995,"href":"https:\/\/proactyv.com\/fr\/wp-json\/wp\/v2\/pages\/2984\/revisions\/2995"}],"wp:attachment":[{"href":"https:\/\/proactyv.com\/fr\/wp-json\/wp\/v2\/media?parent=2984"}],"curies":[{"name":"wp","href":"https:\/\/api.w.org\/{rel}","templated":true}]}}