{"id":3015,"date":"2024-12-04T10:07:15","date_gmt":"2024-12-04T09:07:15","guid":{"rendered":"https:\/\/proactyv.com\/added-values\/"},"modified":"2025-01-23T08:38:18","modified_gmt":"2025-01-23T08:38:18","slug":"services-a-valeur-ajoutee","status":"publish","type":"page","link":"https:\/\/proactyv.com\/fr\/services-a-valeur-ajoutee\/","title":{"rendered":"Services \u00e0 valeur ajout\u00e9e"},"content":{"rendered":"<div class=\"wpb-content-wrapper\"><p>[vc_row content_placement=\u00a0\u00bbmiddle\u00a0\u00bb css=\u00a0\u00bb.vc_custom_1733315114816{margin-right: 0px !important;margin-bottom: 35px !important;margin-left: 0px !important;background-image: url(https:\/\/proactyv.com\/wp-content\/uploads\/2024\/12\/Proactyv-added-values-services-1.jpg?id=2646) !important;background-position: center !important;background-repeat: no-repeat !important;background-size: cover !important;}\u00a0\u00bb el_class=\u00a0\u00bbservice-page\u00a0\u00bb][vc_column width=\u00a0\u00bb2\/3&Prime;][\/vc_column][vc_column width=\u00a0\u00bb1\/3&Prime;][vc_widget_sidebar sidebar_id=\u00a0\u00bbsidebar-5a324993f3381&Prime; el_class=\u00a0\u00bbmain-sidebar\u00a0\u00bb][\/vc_column][\/vc_row][vc_row css=\u00a0\u00bb.vc_custom_1732696645703{padding-top: 30px !important;padding-bottom: 20px !important;}\u00a0\u00bb][vc_column width=\u00a0\u00bb1\/2&Prime;]\n<!-- BEGIN .imagebox -->\n<div class=\"imagebox   vc_custom_1737376251828\">\n\t\n\t\t<div class=\"box-header\">\n\t\t\t<h3 class=\"box-title\">\n\t\t\t\tRecrutement et Formation\n\n\t\t\t<\/h3>\n\n\t\t\t\t\t<\/div>\n\n\t\t<div class=\"box-content\"><p>En partenariat avec notre soci\u00e9t\u00e9 affili\u00e9e, MindFree Consulting, bas\u00e9e \u00e0 Duba\u00ef, nous proposons d\u00e9sormais des programmes complets de recrutement et de formation sp\u00e9cialement con\u00e7us pour vos nouvelles recrues.<\/p>\n<\/div>\n\n\t\t<div class=\"box-image\">\n\t\t\t\t\t\t\t\n\t\t\t\t<img decoding=\"async\" class=\"\" src=\"https:\/\/proactyv.com\/wp-content\/uploads\/2024\/11\/Proactys-added-values-4.jpg\" width=\"800\" height=\"350\" alt=\"Proactys-added-values-4\" title=\"Proactys-added-values-4\" loading=\"lazy\" \/>\t\t\t\t\t\t<\/div>\n\t<\/div>\n<!-- End .imagebox -->\n[vc_empty_space height=\u00a0\u00bb15px\u00a0\u00bb][\/vc_column][vc_column width=\u00a0\u00bb1\/2&Prime;]\n<!-- BEGIN .imagebox -->\n<div class=\"imagebox   vc_custom_1737376553503\">\n\t\n\t\t<div class=\"box-header\">\n\t\t\t<h3 class=\"box-title\">\n\t\t\t\tAnalyse financi\u00e8re et op\u00e9rationnelle\n\n\t\t\t<\/h3>\n\n\t\t\t\t\t<\/div>\n\n\t\t<div class=\"box-content\"><p>En collaboration avec Owlvest au Canada, nous proposons des analyses financi\u00e8res compl\u00e8tes, du suivi des performances en temps r\u00e9el \u00e0 la mod\u00e9lisation pr\u00e9dictive, pour am\u00e9liorer l&rsquo;allocation et la planification.<\/p>\n<\/div>\n\n\t\t<div class=\"box-image\">\n\t\t\t\t\t\t\t\n\t\t\t\t<img decoding=\"async\" class=\"\" src=\"https:\/\/proactyv.com\/wp-content\/uploads\/2024\/11\/Proactyv-why-choose-us-added-value-3.jpg\" width=\"800\" height=\"350\" alt=\"Proactyv-why-choose-us-added-value-3\" title=\"Proactyv-why-choose-us-added-value-3\" loading=\"lazy\" \/>\t\t\t\t\t\t<\/div>\n\t<\/div>\n<!-- End .imagebox -->\n[vc_empty_space height=\u00a0\u00bb15px\u00a0\u00bb][\/vc_column][\/vc_row]<\/p>\n<\/div>","protected":false},"excerpt":{"rendered":"<p>[vc_row content_placement=\u00a0\u00bbmiddle\u00a0\u00bb css=\u00a0\u00bb.vc_custom_1733315114816{margin-right: 0px !important;margin-bottom: 35px !important;margin-left: 0px !important;background-image: url(https:\/\/proactyv.com\/wp-content\/uploads\/2024\/12\/Proactyv-added-values-services-1.jpg?id=2646) !important;background-position: center !important;background-repeat: no-repeat !important;background-size: cover !important;}\u00a0\u00bb el_class=\u00a0\u00bbservice-page\u00a0\u00bb][vc_column width=\u00a0\u00bb2\/3&Prime;][\/vc_column][vc_column width=\u00a0\u00bb1\/3&Prime;][vc_widget_sidebar sidebar_id=\u00a0\u00bbsidebar-5a324993f3381&Prime; el_class=\u00a0\u00bbmain-sidebar\u00a0\u00bb][\/vc_column][\/vc_row][vc_row css=\u00a0\u00bb.vc_custom_1732696645703{padding-top: 30px !important;padding-bottom: 20px !important;}\u00a0\u00bb][vc_column width=\u00a0\u00bb1\/2&Prime;][vc_empty_space height=\u00a0\u00bb15px\u00a0\u00bb][\/vc_column][vc_column width=\u00a0\u00bb1\/2&Prime;][vc_empty_space height=\u00a0\u00bb15px\u00a0\u00bb][\/vc_column][\/vc_row]<\/p>\n","protected":false},"author":2,"featured_media":0,"parent":0,"menu_order":0,"comment_status":"closed","ping_status":"closed","template":"","meta":{"_acf_changed":false,"footnotes":""},"class_list":["post-3015","page","type-page","status-publish","hentry"],"acf":[],"_links":{"self":[{"href":"https:\/\/proactyv.com\/fr\/wp-json\/wp\/v2\/pages\/3015"}],"collection":[{"href":"https:\/\/proactyv.com\/fr\/wp-json\/wp\/v2\/pages"}],"about":[{"href":"https:\/\/proactyv.com\/fr\/wp-json\/wp\/v2\/types\/page"}],"author":[{"embeddable":true,"href":"https:\/\/proactyv.com\/fr\/wp-json\/wp\/v2\/users\/2"}],"replies":[{"embeddable":true,"href":"https:\/\/proactyv.com\/fr\/wp-json\/wp\/v2\/comments?post=3015"}],"version-history":[{"count":7,"href":"https:\/\/proactyv.com\/fr\/wp-json\/wp\/v2\/pages\/3015\/revisions"}],"predecessor-version":[{"id":3038,"href":"https:\/\/proactyv.com\/fr\/wp-json\/wp\/v2\/pages\/3015\/revisions\/3038"}],"wp:attachment":[{"href":"https:\/\/proactyv.com\/fr\/wp-json\/wp\/v2\/media?parent=3015"}],"curies":[{"name":"wp","href":"https:\/\/api.w.org\/{rel}","templated":true}]}}