{"id":3021,"date":"2024-12-27T11:31:20","date_gmt":"2024-12-27T10:31:20","guid":{"rendered":"https:\/\/proactyv.com\/how-we-work\/"},"modified":"2025-01-23T08:32:55","modified_gmt":"2025-01-23T08:32:55","slug":"comment-nous-travaillons","status":"publish","type":"page","link":"https:\/\/proactyv.com\/fr\/comment-nous-travaillons\/","title":{"rendered":"Fonctionnement"},"content":{"rendered":"<div class=\"wpb-content-wrapper\"><p>[vc_row full_width=\u00a0\u00bbstretch_row\u00a0\u00bb css=\u00a0\u00bb.vc_custom_1736768308974{margin-top: -50px !important;padding-top: 200px !important;padding-bottom: 180px !important;background-image: url(https:\/\/proactyv.com\/wp-content\/uploads\/2025\/01\/bg-s33-grey-1.jpg?id=2943) !important;background-position: center !important;background-repeat: no-repeat !important;background-size: cover !important;}\u00a0\u00bb el_class=\u00a0\u00bbfix-row bg-mobile-work\u00a0\u00bb][vc_column][vc_row_inner][vc_column_inner width=\u00a0\u00bb5\/12&Prime;][\/vc_column_inner][vc_column_inner width=\u00a0\u00bb7\/12&Prime;][vc_custom_heading text=\u00a0\u00bbUNE EXP\u00c9RIENCE SANS EFFORT, ADAPT\u00c9E \u00c0 VOS BESOINS\u00a0\u00bb font_container=\u00a0\u00bbtag:h3|font_size:3.1rem|text_align:left\u00a0\u00bb use_theme_fonts=\u00a0\u00bbyes\u00a0\u00bb css_animation=\u00a0\u00bbnone\u00a0\u00bb css=\u00a0\u00bb\u00a0\u00bb el_class=\u00a0\u00bbtext-right\u00a0\u00bb][vc_empty_space height=\u00a0\u00bb10px\u00a0\u00bb][vc_custom_heading text=\u00a0\u00bbInt\u00e9gration simplifi\u00e9e et tarification flexible adapt\u00e9e \u00e0 vos besoins. D\u00e9couvrez \u00e0 quel point il est facile de commencer avec nous d\u00e8s aujourd&rsquo;hui !\u00a0\u00bb font_container=\u00a0\u00bbtag:div|font_size:18px|text_align:left|line_height:30px\u00a0\u00bb use_theme_fonts=\u00a0\u00bbyes\u00a0\u00bb css_animation=\u00a0\u00bbnone\u00a0\u00bb css=\u00a0\u00bb\u00a0\u00bb el_class=\u00a0\u00bbtext-right\u00a0\u00bb][\/vc_column_inner][\/vc_row_inner][\/vc_column][\/vc_row][vc_row full_width=\u00a0\u00bbstretch_row\u00a0\u00bb css=\u00a0\u00bb.vc_custom_1735302151432{padding-top: 60px !important;padding-bottom: 60px !important;background-color: #f1f1f3 !important;}\u00a0\u00bb][vc_column][vc_row_inner css=\u00a0\u00bb.vc_custom_1735301528095{margin-bottom: 20px !important;}\u00a0\u00bb][vc_column_inner width=\u00a0\u00bb1\/3&Prime;][vc_custom_heading text=\u00a0\u00bbPROCESSUS D&rsquo;INT\u00c9GRATION\u00a0\u00bb font_container=\u00a0\u00bbtag:h3|text_align:left\u00a0\u00bb use_theme_fonts=\u00a0\u00bbyes\u00a0\u00bb css=\u00a0\u00bb\u00a0\u00bb][vc_empty_space height=\u00a0\u00bb20px\u00a0\u00bb][\/vc_column_inner][vc_column_inner width=\u00a0\u00bb2\/3&Prime;][vc_column_text css=\u00a0\u00bb\u00a0\u00bb]<\/p>\n<p style=\"text-align: justify;\">Am\u00e9lioration de l&rsquo;efficacit\u00e9 et de l&rsquo;optimisation, choix et allocation des ressources, formation et int\u00e9gration, suivi et rapports &#8211; notre approche de l&rsquo;int\u00e9gration garantit un processus fluide et efficace pour nos clients.<\/p>\n<p>[\/vc_column_text][vc_empty_space height=\u00a0\u00bb40px\u00a0\u00bb][\/vc_column_inner][\/vc_row_inner][vc_row_inner][vc_column_inner]\t\t\t<!-- Cool Timeline Free V3.0.0 -->\n\t\t\t<div class=\"ctl-wrapper\" role=\"region\" aria-label=\"Timeline\">\n\t\t\t\t\t\t\t\t<div id=\"cool_timeline_1\" class=\"cool-timeline-wrapper ctl-both-sided ctl-vertical-wrapper ctl-compact-wrapper\" >\n\t\t\t\t\t<div class=\"ctl-start\"><\/div>\n\t\t\t\t\t<!-- Timeline Container -->\n\t\t\t\t\t<div class=\"ctl-timeline ctl-timeline-container\" data-animation=\"none\">\n\t\t\t\t\t\t<!-- Center Line -->\n\t\t\t\t\t\t<div class=\"ctl-inner-line\" role=\"presentation\"><\/div>\n\t\t\t\t\t\t<!-- Timeline Content --><div  id=\"ctl-story-3155\" class=\"ctl-story ctl-story-dot-icon odd ctl-story-left\" data-aos=\"none\"   data-story-index=\"1\" role=\"article\"><!-- Story IconDot --><div class=\"ctl-icondot\"><\/div> <!-- Story Arrow --><div class=\"ctl-arrow\"><\/div><!-- Story Content --><div class=\"ctl-content\"><!-- Story Title --><div class=\"ctl-title story-3155\" aria-label=\"2\">Suivi et rapports<\/div><!-- Story Date --><div class=\"ctl-labels\"><div class=\"ctl-label-big story-date\"><\/div><\/div><!-- Story Description --><div class=\"ctl-description\"><p>\u00c9tablir des indicateurs de performance et des KPI. Revoir r\u00e9guli\u00e8rement les progr\u00e8s par rapport aux objectifs. Fournir des retours et des mises \u00e0 jour aux parties prenantes.<\/p>\n<\/div><\/div><\/div><!-- Timeline Content --><div  id=\"ctl-story-3157\" class=\"ctl-story ctl-story-dot-icon even ctl-story-right\" data-aos=\"none\"   data-story-index=\"2\" role=\"article\"><!-- Story IconDot --><div class=\"ctl-icondot\"><\/div> <!-- Story Arrow --><div class=\"ctl-arrow\"><\/div><!-- Story Content --><div class=\"ctl-content\"><!-- Story Title --><div class=\"ctl-title story-3157\" aria-label=\"2\">Formation et integration<\/div><!-- Story Date --><div class=\"ctl-labels\"><div class=\"ctl-label-big story-date\"><\/div><\/div><!-- Story Description --><div class=\"ctl-description\"><p>\u00c9laborer des supports de formation complets. Organiser des ateliers ou des sessions de formation pratiques. S&rsquo;assurer que les membres de l&rsquo;\u00e9quipe comprennent le flux de travail et les outils.<\/p>\n<\/div><\/div><\/div><!-- Timeline Content --><div  id=\"ctl-story-3158\" class=\"ctl-story ctl-story-dot-icon odd ctl-story-left\" data-aos=\"none\"   data-story-index=\"3\" role=\"article\"><!-- Story IconDot --><div class=\"ctl-icondot\"><\/div> <!-- Story Arrow --><div class=\"ctl-arrow\"><\/div><!-- Story Content --><div class=\"ctl-content\"><!-- Story Title --><div class=\"ctl-title story-3158\" aria-label=\"2\">Choisir et allouer les ressources<\/div><!-- Story Date --><div class=\"ctl-labels\"><div class=\"ctl-label-big story-date\"><\/div><\/div><!-- Story Description --><div class=\"ctl-description\"><p>Identifier les outils, technologies et personnel n\u00e9cessaires. Attribuer les r\u00f4les et responsabilit\u00e9s en fonction des comp\u00e9tences. Mettreen place les infrastructures requises.<\/p>\n<\/div><\/div><\/div><!-- Timeline Content --><div  id=\"ctl-story-3160\" class=\"ctl-story ctl-story-dot-icon even ctl-story-right\" data-aos=\"none\"   data-story-index=\"4\" role=\"article\"><!-- Story IconDot --><div class=\"ctl-icondot\"><\/div> <!-- Story Arrow --><div class=\"ctl-arrow\"><\/div><!-- Story Content --><div class=\"ctl-content\"><!-- Story Title --><div class=\"ctl-title story-3160\" aria-label=\"2\">Am\u00e9liorer l&rsquo;efficacit\u00e9 et l&rsquo;optimisation<\/div><!-- Story Date --><div class=\"ctl-labels\"><div class=\"ctl-label-big story-date\"><\/div><\/div><!-- Story Description --><div class=\"ctl-description\"><p>Analyser les processus actuels. Recommander des changements pour rationaliser les flux de travail. Mettreen\u0153uvre des mesuresd&rsquo;\u00e9conomie et d&rsquo;automatisation.<\/p>\n<\/div><\/div><\/div><!-- Timeline Content --><div  id=\"ctl-story-3162\" class=\"ctl-story ctl-story-dot-icon odd ctl-story-left\" data-aos=\"none\"   data-story-index=\"5\" role=\"article\"><!-- Story IconDot --><div class=\"ctl-icondot\"><\/div> <!-- Story Arrow --><div class=\"ctl-arrow\"><\/div><!-- Story Content --><div class=\"ctl-content\"><!-- Story Title --><div class=\"ctl-title story-3162\" aria-label=\"2\">Concevoir un organigramme et une proc\u00e9dure op\u00e9rationnelle standard (SOP)<\/div><!-- Story Date --><div class=\"ctl-labels\"><div class=\"ctl-label-big story-date\"><\/div><\/div><!-- Story Description --><div class=\"ctl-description\"><p>Cartographier visuellement le processus de bout en bout. Cr\u00e9er des instructions \u00e9tape par \u00e9tape pour chaque t\u00e2che. Examiner et finaliser avec les parties prenantes.<\/p>\n<\/div><\/div><\/div><!-- Timeline Content --><div  id=\"ctl-story-3163\" class=\"ctl-story ctl-story-dot-icon even ctl-story-right\" data-aos=\"none\"   data-story-index=\"6\" role=\"article\"><!-- Story IconDot --><div class=\"ctl-icondot\"><\/div> <!-- Story Arrow --><div class=\"ctl-arrow\"><\/div><!-- Story Content --><div class=\"ctl-content\"><!-- Story Title --><div class=\"ctl-title story-3163\" aria-label=\"2\">Comprendre les besoins du client<\/div><!-- Story Date --><div class=\"ctl-labels\"><div class=\"ctl-label-big story-date\"><\/div><\/div><!-- Story Description --><div class=\"ctl-description\"><p>Planifier des r\u00e9unions de d\u00e9couverte. Documenter les objectifs, les points faibles et les priorit\u00e9s du client. S&rsquo;accorder sur les livrables et les d\u00e9lais.<\/p>\n<\/div><\/div><\/div>\t\t\t\t\t<\/div>\n\t\t\t\t\t<div class=\"ctl-end\"><\/div>\n\t\t\t\t\t\t\t\t\t<\/div>\n\t\t\t<\/div>\n\t\t\t[\/vc_column_inner][\/vc_row_inner][\/vc_column][\/vc_row][vc_row full_width=\u00a0\u00bbstretch_row\u00a0\u00bb css=\u00a0\u00bb.vc_custom_1735302159478{padding-top: 50px !important;padding-bottom: 30px !important;background-color: #FFFFFF !important;border-color: #EEEEEE !important;}\u00a0\u00bb][vc_column][vc_row_inner css=\u00a0\u00bb.vc_custom_1735301528095{margin-bottom: 20px !important;}\u00a0\u00bb][vc_column_inner width=\u00a0\u00bb1\/3&Prime;][vc_custom_heading text=\u00a0\u00bbMOD\u00c8LE DE TARIFICATION\u00a0\u00bb font_container=\u00a0\u00bbtag:h3|text_align:left\u00a0\u00bb use_theme_fonts=\u00a0\u00bbyes\u00a0\u00bb css=\u00a0\u00bb\u00a0\u00bb][vc_empty_space height=\u00a0\u00bb20px\u00a0\u00bb][\/vc_column_inner][vc_column_inner width=\u00a0\u00bb2\/3&Prime;][vc_column_text css=\u00a0\u00bb\u00a0\u00bb]<\/p>\n<p class=\"large-text\">Nous proposons des mod\u00e8les de tarification flexibles adapt\u00e9s aux besoins de votre entreprise, garantissant rentabilit\u00e9 et clart\u00e9. Voici comment fonctionne notre tarification :<\/p>\n<p>[\/vc_column_text][vc_empty_space height=\u00a0\u00bb40px\u00a0\u00bb][\/vc_column_inner][\/vc_row_inner][vc_row_inner][vc_column_inner][vc_column_text css=\u00a0\u00bb\u00a0\u00bb]<div id=\"rpt_pricr\" class=\"rpt_plans rpt_4_plans rpt_style_basic\"><div class=\"\"><div class=\"rpt_plan  rpt_plugin_f rpt_plan_0  \"><div style=\"text-align:center;\" class=\"rpt_title rpt_title_0\">\u00c0 L'heure<\/div><div class=\"rpt_head rpt_head_0\"><div style=\"color:#006766;\" class=\"rpt_subtitle rpt_subtitle_0\"><p style=\"text-align: left\"><span>La tarification est d\u00e9termin\u00e9e par le nombre d'heures travaill\u00e9es et le niveau d'expertise requis.<\/span><\/p><\/div><div class=\"rpt_description rpt_description_0\"><p style=\"text-align: left\"><span><strong>Comment cela fonctionne :<\/strong><\/span><\/p>  <ul style=\"text-align: left\">  \t<li><span>Agents d\u00e9butants : Id\u00e9als pour les t\u00e2ches routini\u00e8res ou administratives.<\/span><\/li>  \t<li><span>Agents interm\u00e9diaires : Id\u00e9als pour les t\u00e2ches mod\u00e9r\u00e9ment complexes n\u00e9cessitant un certain niveau d'expertise.<\/span><\/li>  \t<li><span>Agents senior : Pour les t\u00e2ches sp\u00e9cialis\u00e9es n\u00e9cessitant une expertise et une exp\u00e9rience approfondies.<\/span><\/li> <\/ul> <p style=\"text-align: left\"><span><strong>Avantages :<\/strong><\/span><\/p>  <ul>  \t<li style=\"text-align: left\"><span>Payez uniquement pour les heures travaill\u00e9es.<\/span><\/li>  \t<li style=\"text-align: left\"><span>Scalabilit\u00e9 : Augmentez ou r\u00e9duisez les heures en fonction des besoins du projet.<\/span><\/li>  \t<li style=\"text-align: left\"><span>Transparency: Transparence : Journaux de temps d\u00e9taill\u00e9s fournis.<\/span><\/li> <\/ul><\/div><\/div><a target=\"_blank\" style=\"background:#006766\" class=\"rpt_foot rpt_foot_0\"><\/a><\/div><div class=\"rpt_plan  rpt_plugin_f rpt_plan_1  \"><div style=\"text-align:center;\" class=\"rpt_title rpt_title_1\">Par T\u00e2che<\/div><div class=\"rpt_head rpt_head_1\"><div style=\"color:#006766;\" class=\"rpt_subtitle rpt_subtitle_1\"><p style=\"text-align: left\"><span>La tarification est bas\u00e9e sur l'accomplissement de t\u00e2ches sp\u00e9cifiques, ind\u00e9pendamment du temps n\u00e9cessaire.<\/span><\/p><\/div><div class=\"rpt_description rpt_description_1\"><p style=\"text-align: left\"><span><strong>Comment cela fonctionne :<\/strong><\/span><\/p>  <ul style=\"text-align: left\">  \t<li><span>Port\u00e9e d\u00e9finie \u00e0 l'avance pour la t\u00e2che.<\/span><\/li>  \t<li><span>Co\u00fbt fixe par t\u00e2che, convenu au pr\u00e9alable.<\/span><\/li> <\/ul> <p style=\"text-align: left\"><span><strong>Id\u00e9al pour :<\/strong><\/span><\/p>  <ul style=\"text-align: left\">  \t<li><span>T\u00e2ches r\u00e9p\u00e9titives avec des livrables clairs.<\/span><\/li>  \t<li><span>T\u00e2ches o\u00f9 le suivi du temps n'est pas n\u00e9cessaire.<\/span><\/li> <\/ul> <p style=\"text-align: left\"><span><strong>Avantages :<\/strong><\/span><\/p>  <ul>  \t<li style=\"text-align: left\"><span>Co\u00fbts pr\u00e9visibles.<\/span><\/li>  \t<li style=\"text-align: left\"><span>Encourage l'efficacit\u00e9 dans l'ex\u00e9cution des t\u00e2ches.<\/span><\/li> <\/ul><\/div><\/div><a target=\"_blank\" style=\"background:#006766\" class=\"rpt_foot rpt_foot_1\"><\/a><\/div><div class=\"rpt_plan  rpt_plugin_f rpt_plan_2  \"><div style=\"text-align:center;\" class=\"rpt_title rpt_title_2\">Bas\u00e9 sur le Projet<\/div><div class=\"rpt_head rpt_head_2\"><div style=\"color:#006766;\" class=\"rpt_subtitle rpt_subtitle_2\"><p style=\"text-align: left\"><span>La tarification est bas\u00e9e sur l'ach\u00e8vement de t\u00e2ches sp\u00e9cifiques, ind\u00e9pendamment du temps n\u00e9cessaire.<\/span><\/p><\/div><div class=\"rpt_description rpt_description_2\"><p style=\"text-align: left\"><span><strong>Comment cela fonctionne :<\/strong><\/span><\/p>  <ul style=\"text-align: left\">  \t<li><span>Port\u00e9e d\u00e9finie \u00e0 l'avance pour le projet.<\/span><\/li>  \t<li><span>Co\u00fbt fixe par t\u00e2che, convenu \u00e0 l'avance.<\/span><\/li> <\/ul> <p style=\"text-align: left\"><span><strong>Id\u00e9al pour :<\/strong><\/span><\/p>  <ul style=\"text-align: left\">  \t<li><span>T\u00e2ches r\u00e9p\u00e9titives avec des livrables clairs.<\/span><\/li>  \t<li><span>T\u00e2ches pour lesquelles le suivi du temps n'est pas n\u00e9cessaire.<\/span><\/li> <\/ul> <p style=\"text-align: left\"><span><strong>Avantages :<\/strong><\/span><\/p>  <ul>  \t<li style=\"text-align: left\"><span>Co\u00fbts pr\u00e9visibles.<\/span><\/li>  \t<li style=\"text-align: left\"><span>Encourage l'efficacit\u00e9 dans l'ex\u00e9cution des t\u00e2ches.<\/span><\/li> <\/ul><\/div><\/div><a target=\"_blank\" style=\"background:#006766\" class=\"rpt_foot rpt_foot_2\"><\/a><\/div><div class=\"rpt_plan  rpt_plugin_f rpt_plan_3  \"><div style=\"text-align:center;\" class=\"rpt_title rpt_title_3\">**Prix Fixe**<\/div><div class=\"rpt_head rpt_head_3\"><div style=\"color:#006766;\" class=\"rpt_subtitle rpt_subtitle_3\"><p style=\"text-align: left\"><span>Un tarif forfaitaire convenu pour un service ou une p\u00e9riode sp\u00e9cifique.<\/span><\/p><\/div><div class=\"rpt_description rpt_description_3\"><p style=\"text-align: left\"><span><strong>Comment cela fonctionne :<\/strong><\/span><\/p>  <ul style=\"text-align: left\">  \t<li><span>Les tarifs sont d\u00e9termin\u00e9s \u00e0 l'avance pour des services ou des accords de soutien clairement d\u00e9finis.<\/span><\/li>  \t<li><span>Aucune variation de prix, quel que soit le nombre d'heures ou de t\u00e2ches accomplies.<\/span><\/li> <\/ul> <p style=\"text-align: left\"><span><strong>Id\u00e9al pour :<\/strong><\/span><\/p>  <ul style=\"text-align: left\">  \t<li><span>Contrats \u00e0 long terme ou de maintien.<\/span><\/li>  \t<li><span>Services avec une demande constante et un p\u00e9rim\u00e8tre pr\u00e9visible.<\/span><\/li> <\/ul> <p style=\"text-align: left\"><span><strong>Avantages :<\/strong><\/span><\/p>  <ul>  \t<li style=\"text-align: left\"><span>Certitude budg\u00e9taire sans co\u00fbts impr\u00e9vus.<\/span><\/li>  \t<li style=\"text-align: left\"><span>Simplified invoicing and payment terms.<\/span><\/li> <\/ul>Facturation simplifi\u00e9e et conditions de paiement claires.<\/div><\/div><a target=\"_blank\" style=\"background:#006766\" class=\"rpt_foot rpt_foot_3\"><\/a><\/div><\/div><\/div><div style=\"clear:both;\"><\/div>[\/vc_column_text][vc_empty_space height=\u00a0\u00bb55px\u00a0\u00bb][vc_custom_heading text=\u00a0\u00bbCOMMENT CHOISIR LE BON MOD\u00c8LE ?\u00a0\u00bb font_container=\u00a0\u00bbtag:h3|text_align:center\u00a0\u00bb use_theme_fonts=\u00a0\u00bbyes\u00a0\u00bb css=\u00a0\u00bb\u00a0\u00bb][vc_empty_space height=\u00a0\u00bb20px\u00a0\u00bb][vc_column_text css=\u00a0\u00bb\u00a0\u00bb]<\/p>\n<p style=\"text-align: center;\">Notre \u00e9quipe collabore avec vous pour \u00e9valuer vos besoins commerciaux, vos flux de travail et vos objectifs afin de recommander la structure tarifaire la plus rentable. Que vous ayez besoin de soutien ponctuel, de services continus ou d&rsquo;un projet sp\u00e9cialis\u00e9, nous avons un mod\u00e8le adapt\u00e9 \u00e0 vos besoins.<\/p>\n<p style=\"text-align: center;\"><a class=\"button\" href=\"https:\/\/proactyv.com\/fr\/contactez-nous\/\">Contactez-nous maintenant<\/a><\/p>\n<p>[\/vc_column_text][\/vc_column_inner][\/vc_row_inner][\/vc_column][\/vc_row][vc_row css=\u00a0\u00bb.vc_custom_1735304469856{margin-top: 20px !important;}\u00a0\u00bb][vc_column][vc_separator border_width=\u00a0\u00bb4&Prime; css=\u00a0\u00bb\u00a0\u00bb][vc_empty_space height=\u00a0\u00bb55px\u00a0\u00bb][vc_custom_heading text=\u00a0\u00bbNOS CLIENTS POTENTIELS\u00a0\u00bb font_container=\u00a0\u00bbtag:h3|text_align:center|color:%23267D7D\u00a0\u00bb use_theme_fonts=\u00a0\u00bbyes\u00a0\u00bb css=\u00a0\u00bb\u00a0\u00bb][vc_empty_space height=\u00a0\u00bb35px\u00a0\u00bb][vc_row_inner][vc_column_inner width=\u00a0\u00bb1\/2&Prime;]<ul class=\"iconlist iconlist iconlist-icon-small \"><li ><div class=\"iconlist-item-icon\"><i class=\"sl-check\"><\/i><span class=\"shapes\"><\/span><\/div><div class=\"iconlist-item-content\">Les startups avec des id\u00e9es novatrices recherchant une gestion experte pour faire avancer leur entreprise<\/div><\/li><li ><div class=\"iconlist-item-icon\"><i class=\"sl-check\"><\/i><span class=\"shapes\"><\/span><\/div><div class=\"iconlist-item-content\">Les entreprises op\u00e9rant dans des environnements \u00e0 distance ou hybrides n\u00e9cessitant une gestion des talents fluide et efficace<\/div><\/li><li ><div class=\"iconlist-item-icon\"><i class=\"sl-check\"><\/i><span class=\"shapes\"><\/span><\/div><div class=\"iconlist-item-content\">Les entreprises dynamiques ayant besoin d&rsquo;un soutien en gestion agile et proactif pour rester en t\u00eate de la concurrence<\/div><\/li><\/ul>[\/vc_column_inner][vc_column_inner width=\u00a0\u00bb1\/2&Prime;]<ul class=\"iconlist iconlist iconlist-icon-small \"><li ><div class=\"iconlist-item-icon\"><i class=\"sl-check\"><\/i><span class=\"shapes\"><\/span><\/div><div class=\"iconlist-item-content\">Les r\u00e9seaux, syndicats et associations qui n&rsquo;ont pas besoin de bureau physique mais n\u00e9cessitent des talents qualifi\u00e9s pour g\u00e9rer les op\u00e9rations quotidiennes<\/div><\/li><li ><div class=\"iconlist-item-icon\"><i class=\"sl-check\"><\/i><span class=\"shapes\"><\/span><\/div><div class=\"iconlist-item-content\">Les organisations avec des conseils d&rsquo;administration et des dirigeants situ\u00e9s \u00e0 diff\u00e9rents endroits, n\u00e9cessitant une supervision coordonn\u00e9e et strat\u00e9gique<\/div><\/li><\/ul>[\/vc_column_inner][\/vc_row_inner][vc_empty_space height=\u00a0\u00bb45px\u00a0\u00bb][\/vc_column][\/vc_row]<\/p>\n<\/div>","protected":false},"excerpt":{"rendered":"<p>[vc_row full_width=\u00a0\u00bbstretch_row\u00a0\u00bb css=\u00a0\u00bb.vc_custom_1736768308974{margin-top: -50px !important;padding-top: 200px !important;padding-bottom: 180px !important;background-image: url(https:\/\/proactyv.com\/wp-content\/uploads\/2025\/01\/bg-s33-grey-1.jpg?id=2943) !important;background-position: center !important;background-repeat: no-repeat !important;background-size: cover !important;}\u00a0\u00bb el_class=\u00a0\u00bbfix-row bg-mobile-work\u00a0\u00bb][vc_column][vc_row_inner][vc_column_inner width=\u00a0\u00bb5\/12&Prime;][\/vc_column_inner][vc_column_inner width=\u00a0\u00bb7\/12&Prime;][vc_custom_heading text=\u00a0\u00bbUNE EXP\u00c9RIENCE SANS EFFORT, ADAPT\u00c9E \u00c0 VOS BESOINS\u00a0\u00bb font_container=\u00a0\u00bbtag:h3|font_size:3.1rem|text_align:left\u00a0\u00bb use_theme_fonts=\u00a0\u00bbyes\u00a0\u00bb css_animation=\u00a0\u00bbnone\u00a0\u00bb css=\u00a0\u00bb\u00a0\u00bb el_class=\u00a0\u00bbtext-right\u00a0\u00bb][vc_empty_space height=\u00a0\u00bb10px\u00a0\u00bb][vc_custom_heading text=\u00a0\u00bbInt\u00e9gration simplifi\u00e9e et tarification flexible adapt\u00e9e \u00e0 vos besoins. D\u00e9couvrez \u00e0 quel point il est facile de commencer avec nous [&hellip;]<\/p>\n","protected":false},"author":2,"featured_media":0,"parent":0,"menu_order":0,"comment_status":"closed","ping_status":"closed","template":"","meta":{"_acf_changed":false,"footnotes":""},"class_list":["post-3021","page","type-page","status-publish","hentry"],"acf":[],"_links":{"self":[{"href":"https:\/\/proactyv.com\/fr\/wp-json\/wp\/v2\/pages\/3021"}],"collection":[{"href":"https:\/\/proactyv.com\/fr\/wp-json\/wp\/v2\/pages"}],"about":[{"href":"https:\/\/proactyv.com\/fr\/wp-json\/wp\/v2\/types\/page"}],"author":[{"embeddable":true,"href":"https:\/\/proactyv.com\/fr\/wp-json\/wp\/v2\/users\/2"}],"replies":[{"embeddable":true,"href":"https:\/\/proactyv.com\/fr\/wp-json\/wp\/v2\/comments?post=3021"}],"version-history":[{"count":15,"href":"https:\/\/proactyv.com\/fr\/wp-json\/wp\/v2\/pages\/3021\/revisions"}],"predecessor-version":[{"id":3088,"href":"https:\/\/proactyv.com\/fr\/wp-json\/wp\/v2\/pages\/3021\/revisions\/3088"}],"wp:attachment":[{"href":"https:\/\/proactyv.com\/fr\/wp-json\/wp\/v2\/media?parent=3021"}],"curies":[{"name":"wp","href":"https:\/\/api.w.org\/{rel}","templated":true}]}}