{"id":3039,"date":"2024-11-26T11:18:01","date_gmt":"2024-11-26T10:18:01","guid":{"rendered":"https:\/\/proactyv.com\/contact\/"},"modified":"2026-01-26T13:15:19","modified_gmt":"2026-01-26T12:15:19","slug":"contactez-nous","status":"publish","type":"page","link":"https:\/\/proactyv.com\/fr\/contactez-nous\/","title":{"rendered":"Contact"},"content":{"rendered":"<div class=\"wpb-content-wrapper\"><p>[vc_row equal_height=\u00a0\u00bbyes\u00a0\u00bb css=\u00a0\u00bb.vc_custom_1732879660079{margin-right: 0px !important;margin-bottom: 90px !important;margin-left: 0px !important;}\u00a0\u00bb el_class=\u00a0\u00bbservice-page\u00a0\u00bb][vc_column width=\u00a0\u00bb2\/3&Prime; css=\u00a0\u00bb.vc_custom_1513048602768{background-color: #ffffff !important;}\u00a0\u00bb el_class=\u00a0\u00bbshadow\u00a0\u00bb][vc_empty_space height=\u00a0\u00bb50px\u00a0\u00bb][vc_row_inner][vc_column_inner width=\u00a0\u00bb1\/12&Prime;][\/vc_column_inner][vc_column_inner width=\u00a0\u00bb5\/6&Prime;][vc_column_text css=\u00a0\u00bb\u00a0\u00bb]<\/p>\n<p style=\"text-align: center;\">Obtenez les derni\u00e8res mises \u00e0 jour et actualit\u00e9s en nous suivant sur toutes nos plateformes de m\u00e9dias sociaux. Contactez-nous d\u00e8s aujourd&rsquo;hui et discutons de la mani\u00e8re dont nous pouvons dynamiser votre entreprise !<\/p>\n<p>[\/vc_column_text][vc_empty_space height=\u00a0\u00bb35px\u00a0\u00bb]\n<div class=\"wpcf7 no-js\" id=\"wpcf7-f3476-o1\" lang=\"fr-FR\" dir=\"ltr\" data-wpcf7-id=\"3476\">\n<div class=\"screen-reader-response\"><p role=\"status\" aria-live=\"polite\" aria-atomic=\"true\"><\/p> <ul><\/ul><\/div>\n<form action=\"\/fr\/wp-json\/wp\/v2\/pages\/3039#wpcf7-f3476-o1\" method=\"post\" class=\"wpcf7-form init\" aria-label=\"Formulaire de contact\" novalidate=\"novalidate\" data-status=\"init\">\n<fieldset class=\"hidden-fields-container\"><input type=\"hidden\" name=\"_wpcf7\" value=\"3476\" \/><input type=\"hidden\" name=\"_wpcf7_version\" value=\"6.1.4\" \/><input type=\"hidden\" name=\"_wpcf7_locale\" value=\"fr_FR\" \/><input type=\"hidden\" name=\"_wpcf7_unit_tag\" value=\"wpcf7-f3476-o1\" \/><input type=\"hidden\" name=\"_wpcf7_container_post\" value=\"0\" \/><input type=\"hidden\" name=\"_wpcf7_posted_data_hash\" value=\"\" \/><input type=\"hidden\" name=\"_wpcf7_recaptcha_response\" value=\"\" \/>\n<\/fieldset>\n<div class=\"form-request\">\n\t<div class=\"row\">\n\t\t<div class=\"columns columns-6\">\n\t\t\t<p><span class=\"wpcf7-form-control-wrap\" data-name=\"first-name\"><input size=\"40\" maxlength=\"400\" class=\"wpcf7-form-control wpcf7-text wpcf7-validates-as-required\" aria-required=\"true\" aria-invalid=\"false\" placeholder=\"Pr\u00e9nom\" value=\"\" type=\"text\" name=\"first-name\" \/><\/span>\n\t\t\t<\/p>\n\t\t<\/div>\n\t\t<div class=\"columns columns-6\">\n\t\t\t<p><span class=\"wpcf7-form-control-wrap\" data-name=\"last-name\"><input size=\"40\" maxlength=\"400\" class=\"wpcf7-form-control wpcf7-text wpcf7-validates-as-required\" aria-required=\"true\" aria-invalid=\"false\" placeholder=\"Nom\" value=\"\" type=\"text\" name=\"last-name\" \/><\/span>\n\t\t\t<\/p>\n\t\t<\/div>\n\t<\/div>\n\t<div class=\"row\">\n\t\t<div class=\"columns columns-6\">\n\t\t\t<p><span class=\"wpcf7-form-control-wrap\" data-name=\"your-email\"><input size=\"40\" maxlength=\"400\" class=\"wpcf7-form-control wpcf7-email wpcf7-validates-as-required wpcf7-text wpcf7-validates-as-email\" aria-required=\"true\" aria-invalid=\"false\" placeholder=\"Adresse email\" value=\"\" type=\"email\" name=\"your-email\" \/><\/span>\n\t\t\t<\/p>\n\t\t<\/div>\n\t\t<div class=\"columns columns-6\">\n\t\t\t<p><span class=\"wpcf7-form-control-wrap\" data-name=\"your-phone\"><input size=\"40\" class=\"wpcf7-form-control wpcf7-phonetext wpcf7-validates-as-required wpcf7-text wpcf7-validates-as-phonetext\" aria-required=\"true\" aria-invalid=\"false\" placeholder=\"Num\u00e9ro de t\u00e9l\u00e9phone\" value=\"\" type=\"text\" name=\"your-phone\" \/><input type=\"hidden\" name=\"your-phone-country-code\" class=\"wpcf7-phonetext-country-code\" \/><\/span>\n\t\t\t<\/p>\n\t\t<\/div>\n\t<\/div>\n\t<div class=\"row\">\n\t\t<div class=\"columns columns-12\">\n\t\t\t<p><span class=\"wpcf7-form-control-wrap\" data-name=\"your-company\"><input size=\"40\" maxlength=\"400\" class=\"wpcf7-form-control wpcf7-text wpcf7-validates-as-required\" aria-required=\"true\" aria-invalid=\"false\" placeholder=\"Entreprise\" value=\"\" type=\"text\" name=\"your-company\" \/><\/span>\n\t\t\t<\/p>\n\t\t<\/div>\n\t<\/div>\n\t<div class=\"row\">\n\t\t<div class=\"columns columns-12\">\n\t\t\t<p><span class=\"wpcf7-form-control-wrap\" data-name=\"textarea-138\"><textarea cols=\"40\" rows=\"10\" maxlength=\"2000\" class=\"wpcf7-form-control wpcf7-textarea wpcf7-validates-as-required\" aria-required=\"true\" aria-invalid=\"false\" placeholder=\"Message\" name=\"textarea-138\"><\/textarea><\/span>\n\t\t\t<\/p>\n\t\t<\/div>\n\t<\/div>\n\t<div class=\"row\">\n\t\t<div class=\"columns columns-12\">\n\t\t\t<p><input class=\"wpcf7-form-control wpcf7-submit has-spinner\" type=\"submit\" value=\"Soumettre\" \/>\n\t\t\t<\/p>\n\t\t<\/div>\n\t<\/div>\n<\/div><p style=\"display: none !important;\" class=\"akismet-fields-container\" data-prefix=\"_wpcf7_ak_\"><label>&#916;<textarea name=\"_wpcf7_ak_hp_textarea\" cols=\"45\" rows=\"8\" maxlength=\"100\"><\/textarea><\/label><input type=\"hidden\" id=\"ak_js_1\" name=\"_wpcf7_ak_js\" value=\"124\"\/><script>document.getElementById( \"ak_js_1\" ).setAttribute( \"value\", ( new Date() ).getTime() );<\/script><\/p><div class=\"wpcf7-response-output\" aria-hidden=\"true\"><\/div>\n<\/form>\n<\/div>\n[vc_empty_space height=\u00a0\u00bb20px\u00a0\u00bb][vc_column_text css=\u00a0\u00bb\u00a0\u00bb]<\/p>\n<p style=\"text-align: center; font-size: 13px;\">Vous pouvez \u00e9galement nous envoyer un email \u00e0 <a href=\"mailto:info@proactyv.com\">info@proactyv.com<\/a><\/p>\n<p>[\/vc_column_text][\/vc_column_inner][vc_column_inner width=\u00a0\u00bb1\/12&Prime;][\/vc_column_inner][\/vc_row_inner][vc_empty_space height=\u00a0\u00bb50px\u00a0\u00bb][\/vc_column][vc_column width=\u00a0\u00bb1\/3&Prime; css=\u00a0\u00bb.vc_custom_1732808489598{padding-top: 90px !important;padding-right: 50px !important;padding-bottom: 50px !important;padding-left: 50px !important;background-color: #f2f2f3 !important;}\u00a0\u00bb el_class=\u00a0\u00bbinfo-contact\u00a0\u00bb][vc_column_text css=\u00a0\u00bb\u00a0\u00bb]<\/p>\n<h5 class=\"no-margin-top\">Nous sommes \u00e0 un appel pr\u00e8s<\/h5>\n<p>[\/vc_column_text][vc_empty_space height=\u00a0\u00bb20px\u00a0\u00bb]<ul class=\"iconlist iconlist iconlist-icon-mini \"><li ><div class=\"iconlist-item-icon\"><i class=\"fas fa-phone-volume\"><\/i><span class=\"shapes\"><\/span><\/div><div class=\"iconlist-item-content\"><a href=\"tel:+33183644622\">+33 1 83 644 622<\/a> <\/div><\/li><\/ul>[vc_empty_space height=\u00a0\u00bb30px\u00a0\u00bb][vc_column_text css=\u00a0\u00bb\u00a0\u00bb]<\/p>\n<h5 style=\"margin: 0 0 10px 0;\">Notre adresse<\/h5>\n<p>22400 Lamballe-Armor, France<br \/>\nSIREN 948 287 792[\/vc_column_text][vc_empty_space height=\u00a0\u00bb30px\u00a0\u00bb][vc_column_text css=\u00a0\u00bb\u00a0\u00bb]<\/p>\n<h5 class=\"no-margin-top\">Suivez-nous<\/h5>\n<p>[\/vc_column_text][vc_icon type=\u00a0\u00bbtypicons\u00a0\u00bb icon_typicons=\u00a0\u00bbtypcn typcn-social-linkedin\u00a0\u00bb color=\u00a0\u00bbcustom\u00a0\u00bb css=\u00a0\u00bb.vc_custom_1733315425946{margin-left: -15px !important;}\u00a0\u00bb link=\u00a0\u00bburl:https%3A%2F%2Fwww.linkedin.com%2Fcompany%2Fproactyv%2F|target:_blank\u00a0\u00bb custom_color=\u00a0\u00bb#006766&Prime;][\/vc_column][\/vc_row][vc_row][vc_column][vc_row_inner][vc_column_inner width=\u00a0\u00bb1\/3&Prime;]\n\t<div class=\"member circle  has-image\">\t\n\t\t<div class=\"member-content\">\n\t\t\t<div class=\"member-image\">\n\t\t\t\t\n\t\t<img decoding=\"async\" src=\"https:\/\/proactyv.com\/wp-content\/uploads\/2024\/11\/Proactyv-team-1.jpg\" alt=\"Jacques Abouzeid\" \/>\n\t\n\t\t\t\t\n\t\t\t<\/div>\n\t\t\t<div class=\"member-info\">\n\t\t\t\t<h3 class=\"member-name\">Jacques Abouzeid<\/h3>\n\t\t\t\t<div class=\"member-desc\"><p>Directeur G\u00e9n\u00e9ral<br \/>\n<a href=\"mailto:jacques@proactyv.com\">jacques@proactyv.com<\/a><\/p>\n<\/div>\n\t\t\t\t\n\t\t\t<\/div>\n\t\t<\/div>\n\t<\/div>[vc_empty_space height=\u00a0\u00bb30px\u00a0\u00bb][\/vc_column_inner][vc_column_inner width=\u00a0\u00bb1\/3&Prime;]\n\t<div class=\"member circle  has-image\">\t\n\t\t<div class=\"member-content\">\n\t\t\t<div class=\"member-image\">\n\t\t\t\t\n\t\t<img decoding=\"async\" src=\"https:\/\/proactyv.com\/wp-content\/uploads\/2024\/11\/Proactyv-team-2.jpg\" alt=\"Hiba Halawi\" \/>\n\t\n\t\t\t\t\n\t\t\t<\/div>\n\t\t\t<div class=\"member-info\">\n\t\t\t\t<h3 class=\"member-name\">Hiba Halawi<\/h3>\n\t\t\t\t<div class=\"member-desc\"><p>Responsable de la Communication<br \/>\n<a href=\"mailto:hiba@proactyv.com\">hiba@proactyv.com<\/a><\/p>\n<\/div>\n\t\t\t\t\n\t\t\t<\/div>\n\t\t<\/div>\n\t<\/div>[vc_empty_space height=\u00a0\u00bb30px\u00a0\u00bb][\/vc_column_inner][vc_column_inner width=\u00a0\u00bb1\/3&Prime;]\n\t<div class=\"member circle  has-image\">\t\n\t\t<div class=\"member-content\">\n\t\t\t<div class=\"member-image\">\n\t\t\t\t\n\t\t<img decoding=\"async\" src=\"https:\/\/proactyv.com\/wp-content\/uploads\/2024\/11\/Proactyv-team-3.jpg\" alt=\"Georges Mokbel\" \/>\n\t\n\t\t\t\t\n\t\t\t<\/div>\n\t\t\t<div class=\"member-info\">\n\t\t\t\t<h3 class=\"member-name\">Georges Mokbel<\/h3>\n\t\t\t\t<div class=\"member-desc\"><p>Consultant Senior<br \/>\n<a href=\"mailto:georges@proactyv.com\">georges@proactyv.com<\/a><\/p>\n<\/div>\n\t\t\t\t\n\t\t\t<\/div>\n\t\t<\/div>\n\t<\/div>[vc_empty_space height=\u00a0\u00bb30px\u00a0\u00bb][\/vc_column_inner][\/vc_row_inner][\/vc_column][\/vc_row]<\/p>\n<\/div>","protected":false},"excerpt":{"rendered":"<p>[vc_row equal_height=\u00a0\u00bbyes\u00a0\u00bb css=\u00a0\u00bb.vc_custom_1732879660079{margin-right: 0px !important;margin-bottom: 90px !important;margin-left: 0px !important;}\u00a0\u00bb el_class=\u00a0\u00bbservice-page\u00a0\u00bb][vc_column width=\u00a0\u00bb2\/3&Prime; css=\u00a0\u00bb.vc_custom_1513048602768{background-color: #ffffff !important;}\u00a0\u00bb el_class=\u00a0\u00bbshadow\u00a0\u00bb][vc_empty_space height=\u00a0\u00bb50px\u00a0\u00bb][vc_row_inner][vc_column_inner width=\u00a0\u00bb1\/12&Prime;][\/vc_column_inner][vc_column_inner width=\u00a0\u00bb5\/6&Prime;][vc_column_text css=\u00a0\u00bb\u00a0\u00bb] Obtenez les derni\u00e8res mises \u00e0 jour et actualit\u00e9s en nous suivant sur toutes nos plateformes de m\u00e9dias sociaux. Contactez-nous d\u00e8s aujourd&rsquo;hui et discutons de la mani\u00e8re dont nous pouvons dynamiser votre entreprise ! [\/vc_column_text][vc_empty_space height=\u00a0\u00bb35px\u00a0\u00bb][vc_empty_space height=\u00a0\u00bb20px\u00a0\u00bb][vc_column_text [&hellip;]<\/p>\n","protected":false},"author":2,"featured_media":0,"parent":0,"menu_order":0,"comment_status":"closed","ping_status":"closed","template":"","meta":{"_acf_changed":false,"footnotes":""},"class_list":["post-3039","page","type-page","status-publish","hentry"],"acf":[],"_links":{"self":[{"href":"https:\/\/proactyv.com\/fr\/wp-json\/wp\/v2\/pages\/3039"}],"collection":[{"href":"https:\/\/proactyv.com\/fr\/wp-json\/wp\/v2\/pages"}],"about":[{"href":"https:\/\/proactyv.com\/fr\/wp-json\/wp\/v2\/types\/page"}],"author":[{"embeddable":true,"href":"https:\/\/proactyv.com\/fr\/wp-json\/wp\/v2\/users\/2"}],"replies":[{"embeddable":true,"href":"https:\/\/proactyv.com\/fr\/wp-json\/wp\/v2\/comments?post=3039"}],"version-history":[{"count":6,"href":"https:\/\/proactyv.com\/fr\/wp-json\/wp\/v2\/pages\/3039\/revisions"}],"predecessor-version":[{"id":3477,"href":"https:\/\/proactyv.com\/fr\/wp-json\/wp\/v2\/pages\/3039\/revisions\/3477"}],"wp:attachment":[{"href":"https:\/\/proactyv.com\/fr\/wp-json\/wp\/v2\/media?parent=3039"}],"curies":[{"name":"wp","href":"https:\/\/api.w.org\/{rel}","templated":true}]}}